{"id":65,"date":"2016-08-16T16:09:16","date_gmt":"2016-08-16T14:09:16","guid":{"rendered":"https:\/\/10.0.1.111\/wordpress\/?page_id=65"},"modified":"2018-05-17T22:05:30","modified_gmt":"2018-05-17T20:05:30","slug":"kosik","status":"publish","type":"page","link":"https:\/\/calluna.sk\/?page_id=65","title":{"rendered":"Ko\u0161\u00edk"},"content":{"rendered":"<div class=\"woocommerce\"><div class=\"woocommerce-notices-wrapper\"><\/div>\n<div class=\"container-fluid\">\n\n    <div class=\"row\">\n\n\t\t<form class=\"woocommerce-cart-form\" action=\"https:\/\/calluna.sk\/?page_id=65\" method=\"post\">\n\n        <div class=\"col-md-8\">\n        \n        \t<div class=\"woocommerce_cart_details\">\n        \n                <h2 class=\"title\">Ko\u0161\u00edk <\/h2>\n\n                                \n                    <table class=\"shop_table shop_table_responsive cart woocommerce-cart-form__contents\" cellspacing=\"0\">\n                        <thead>\n                            <tr>\n                                <th class=\"product-remove\"><span class=\"screen-reader-text\">Remove item<\/span><\/th>\n                                <th class=\"product-thumbnail\"><span class=\"screen-reader-text\">Thumbnail image<\/span><\/th>\n                                <th class=\"product-name\">Produkt<\/th>\n                                <th class=\"product-price\">Cena<\/th>\n                                <th class=\"product-quantity\">Mno\u017estvo<\/th>\n                                <th class=\"product-subtotal\">Medzis\u00fa\u010det<\/th>\n                            <\/tr>\n                        <\/thead>\n                        <tbody>\n                                    \n                                                        <tr class=\"woocommerce-cart-form__cart-item cart_item\">\n            \n                                    <td class=\"product-remove\">\n                                        <a href=\"https:\/\/calluna.sk\/?page_id=65&#038;remove_item=d61e4bbd6393c9111e6526ea173a7c8b&#038;_wpnonce=783b6210fc\" class=\"remove\" aria-label=\"Remove Ne\u017en\u00e1 kr\u00e1sa from cart\" data-product_id=\"449\" data-product_sku=\"\">&times;<\/a>                                    <\/td>\n\n                                    \n                                    <td class=\"product-thumbnail\">\n                                    <a href=\"https:\/\/calluna.sk\/?product=nezna-krasa\"><img fetchpriority=\"high\" decoding=\"async\" width=\"600\" height=\"600\" src=\"https:\/\/calluna.sk\/wp-content\/uploads\/2017\/06\/IMG_2733-e1725448703265-600x600.jpg\" class=\"attachment-woocommerce_thumbnail size-woocommerce_thumbnail\" alt=\"Ne\u017en\u00e1 kr\u00e1sa\" srcset=\"https:\/\/calluna.sk\/wp-content\/uploads\/2017\/06\/IMG_2733-e1725448703265-600x600.jpg 600w, https:\/\/calluna.sk\/wp-content\/uploads\/2017\/06\/IMG_2733-e1725448703265-100x100.jpg 100w, https:\/\/calluna.sk\/wp-content\/uploads\/2017\/06\/IMG_2733-e1725448703265-595x595.jpg 595w, https:\/\/calluna.sk\/wp-content\/uploads\/2017\/06\/IMG_2733-e1725448703265-768x768.jpg 768w, https:\/\/calluna.sk\/wp-content\/uploads\/2017\/06\/IMG_2733-e1725448703265-960x960.jpg 960w, https:\/\/calluna.sk\/wp-content\/uploads\/2017\/06\/IMG_2733-e1725448703265-500x500.jpg 500w, https:\/\/calluna.sk\/wp-content\/uploads\/2017\/06\/IMG_2733-e1725448703265.jpg 1501w\" sizes=\"(max-width: 600px) 100vw, 600px\" \/><\/a>                                    <\/td>\n            \n                                    <td class=\"product-name\" data-title=\"Produkt\">\n                                    <a href=\"https:\/\/calluna.sk\/?product=nezna-krasa\">Ne\u017en\u00e1 kr\u00e1sa<\/a>                                    <\/td>\n            \n                                    <td class=\"product-price\" data-title=\"Cena\">\n                                        <span class=\"woocommerce-Price-amount amount\"><bdi>2,50&nbsp;<span class=\"woocommerce-Price-currencySymbol\">&euro;<\/span><\/bdi><\/span>                                    <\/td>\n            \n                                    <td class=\"product-quantity\" data-title=\"Mno\u017estvo\">\n                                    <div class=\"quantity\">\n\t\t<label class=\"screen-reader-text\" for=\"quantity_69e726572d6cd\">mno\u017estvo Ne\u017en\u00e1 kr\u00e1sa<\/label>\n\t<input\n\t\ttype=\"number\"\n\t\t\t\tid=\"quantity_69e726572d6cd\"\n\t\tclass=\"input-text qty text\"\n\t\tname=\"cart[d61e4bbd6393c9111e6526ea173a7c8b][qty]\"\n\t\tvalue=\"1\"\n\t\taria-label=\"Mno\u017estvo produktu\"\n\t\t\t\tmin=\"0\"\n\t\t\t\t\t\t\tstep=\"1\"\n\t\t\tplaceholder=\"\"\n\t\t\tinputmode=\"numeric\"\n\t\t\tautocomplete=\"off\"\n\t\t\t\/>\n\t<\/div>\n                                    <\/td>\n            \n                                    <td class=\"product-subtotal\" data-title=\"Medzis\u00fa\u010det\">\n                                        <span class=\"woocommerce-Price-amount amount\"><bdi>2,50&nbsp;<span class=\"woocommerce-Price-currencySymbol\">&euro;<\/span><\/bdi><\/span>                                    <\/td>\n                                <\/tr>\n                                            \n                        \n                        <tr>\n                            <td colspan=\"6\" class=\"actions\">\n            \n                                            \n                                            \n                                <input type=\"hidden\" id=\"woocommerce-cart-nonce\" name=\"woocommerce-cart-nonce\" value=\"783b6210fc\" \/><input type=\"hidden\" name=\"_wp_http_referer\" value=\"\/index.php?rest_route=%2Fwp%2Fv2%2Fpages%2F65\" \/>                            <\/td>\n                        <\/tr>\n            \n                                            <\/tbody>\n                <\/table>\n                \n                                \n            <\/div>\n        \n        <\/div>\n\n        \n        <div class=\"col-md-4 cart-total\">\n        \n            <div class=\"cart-collaterals\">\n            \n                <div class=\"cart_totals \">\n\n\t\n\t<h2>Ko\u0161\u00edk celkom<\/h2>\n\n\t<table cellspacing=\"0\">\n\n\t\t<tr class=\"cart-subtotal\">\n\t\t\t<th>Medzis\u00fa\u010det<\/th>\n\t\t\t<td><span class=\"woocommerce-Price-amount amount\"><bdi>2,50&nbsp;<span class=\"woocommerce-Price-currencySymbol\">&euro;<\/span><\/bdi><\/span><\/td>\n\t\t<\/tr>\n\n\t\t\n\t\t\n\t\t\t\n\t\t\t<tr class=\"woocommerce-shipping-totals shipping\">\n\t<th>Doprava<\/th>\n\t<td data-title=\"Doprava\">\n\t\t\t\t\t<ul id=\"shipping_method\" class=\"woocommerce-shipping-methods\">\n\t\t\t\t\t\t\t\t\t<li>\n\t\t\t\t\t\t<input type=\"hidden\" name=\"shipping_method[0]\" data-index=\"0\" id=\"shipping_method_0_flat_rate1\" value=\"flat_rate:1\" class=\"shipping_method\" \/><label for=\"shipping_method_0_flat_rate1\">Po\u0161tou: <span class=\"woocommerce-Price-amount amount\"><bdi>3,90&nbsp;<span class=\"woocommerce-Price-currencySymbol\">&euro;<\/span><\/bdi><\/span><\/label>\t\t\t\t\t<\/li>\n\t\t\t\t\t\t\t<\/ul>\n\t\t\t\t\t\t\t<p class=\"woocommerce-shipping-destination\">\n\t\t\t\t\tMo\u017enosti dopravy bud\u00fa aktualizovan\u00e9 v pokladni.\t\t\t\t<\/p>\n\t\t\t\t\t\t\n\t\t\n\t\t\t\t\t\n<form class=\"woocommerce-shipping-calculator\" action=\"https:\/\/calluna.sk\/?page_id=65\" method=\"post\">\n\n\t<a href=\"#\" class=\"shipping-calculator-button\" aria-expanded=\"false\" aria-controls=\"shipping-calculator-form\" role=\"button\">Vypo\u010d\u00edta\u0165 poplatok za dopravu<\/a>\n\t<section class=\"shipping-calculator-form\" id=\"shipping-calculator-form\" style=\"display:none;\">\n\n\t\t\t\t\t<p class=\"form-row form-row-wide\" id=\"calc_shipping_country_field\">\n\t\t\t\t<label for=\"calc_shipping_country\">Krajina \/ regi\u00f3n<\/label>\n\t\t\t\t<select name=\"calc_shipping_country\" id=\"calc_shipping_country\" class=\"country_to_state country_select\" rel=\"calc_shipping_state\">\n\t\t\t\t\t<option value=\"default\">Vyberte krajinu \/ regi\u00f3n&hellip;<\/option>\n\t\t\t\t\t<option value=\"SK\" selected='selected'>Slovensko<\/option><option value=\"CZ\">\u010cesk\u00e1 republika<\/option>\t\t\t\t<\/select>\n\t\t\t<\/p>\n\t\t\n\t\t\t\t\t<p class=\"form-row form-row-wide\" id=\"calc_shipping_state_field\">\n\t\t\t\t\t\t\t\t\t<input type=\"hidden\" name=\"calc_shipping_state\" id=\"calc_shipping_state\" \/>\n\t\t\t\t\t\t\t\t<\/p>\n\t\t\n\t\t\t\t\t<p class=\"form-row form-row-wide\" id=\"calc_shipping_city_field\">\n\t\t\t\t<label for=\"calc_shipping_city\">Mesto:<\/label>\n\t\t\t\t<input type=\"text\" class=\"input-text\" value=\"\" name=\"calc_shipping_city\" id=\"calc_shipping_city\" \/>\n\t\t\t<\/p>\n\t\t\n\t\t\t\t\t<p class=\"form-row form-row-wide\" id=\"calc_shipping_postcode_field\">\n\t\t\t\t<label for=\"calc_shipping_postcode\">PS\u010c:<\/label>\n\t\t\t\t<input type=\"text\" class=\"input-text\" value=\"\" name=\"calc_shipping_postcode\" id=\"calc_shipping_postcode\" \/>\n\t\t\t<\/p>\n\t\t\n\t\t<p><button type=\"submit\" name=\"calc_shipping\" value=\"1\" class=\"button\">Aktualizova\u0165<\/button><\/p>\n\t\t<input type=\"hidden\" id=\"woocommerce-shipping-calculator-nonce\" name=\"woocommerce-shipping-calculator-nonce\" value=\"19633fb135\" \/><input type=\"hidden\" name=\"_wp_http_referer\" value=\"\/index.php?rest_route=%2Fwp%2Fv2%2Fpages%2F65\" \/>\t<\/section>\n<\/form>\n\n\t\t\t<\/td>\n<\/tr>\n\n\t\t\t\n\t\t\n\t\t\n\t\t\t\t\t\t\t\t\t\t\t\t\t\t\n\t\t\n\t\t<tr class=\"order-total\">\n\t\t\t<th>Spolu<\/th>\n\t\t\t<td><strong><span class=\"woocommerce-Price-amount amount\"><bdi>6,40&nbsp;<span class=\"woocommerce-Price-currencySymbol\">&euro;<\/span><\/bdi><\/span><\/strong> <\/td>\n\t\t<\/tr>\n\n\t\t\n\t<\/table>\n\n\t\n\t<div class=\"wc-proceed-to-checkout\">\n       \n        <input type=\"submit\" class=\"btn btn-flat update_cart\" name=\"update_cart\" value=\"Upravi\u0165 obsah ko\u0161\u00edka\" \/>\n        <input type=\"submit\" class=\"checkout-button btn btn-alternative\" name=\"proceed\" value=\"Prejs\u0165 k platbe\" \/>\n\n\t<\/div>\n\n\t\n<\/div>\n            \n            <\/div>\n        \n        <\/div>\n\n\t\t<\/form>\n\n    <\/div>\n\n<\/div>\n\n<\/div>\n","protected":false},"excerpt":{"rendered":"<p><a class=\"button\" href=\"https:\/\/calluna.sk\/?page_id=65\" title=\"Viac\">\u010c\u00edtaj \u010falej<\/a><\/p>\n","protected":false},"author":1,"featured_media":0,"parent":0,"menu_order":0,"comment_status":"closed","ping_status":"closed","template":"","meta":{"footnotes":""},"class_list":["post-65","page","type-page","status-publish","hentry","woocommerce_cart_page","post-container masonry-element col-md-4"],"_links":{"self":[{"href":"https:\/\/calluna.sk\/index.php?rest_route=\/wp\/v2\/pages\/65","targetHints":{"allow":["GET"]}}],"collection":[{"href":"https:\/\/calluna.sk\/index.php?rest_route=\/wp\/v2\/pages"}],"about":[{"href":"https:\/\/calluna.sk\/index.php?rest_route=\/wp\/v2\/types\/page"}],"author":[{"embeddable":true,"href":"https:\/\/calluna.sk\/index.php?rest_route=\/wp\/v2\/users\/1"}],"replies":[{"embeddable":true,"href":"https:\/\/calluna.sk\/index.php?rest_route=%2Fwp%2Fv2%2Fcomments&post=65"}],"version-history":[{"count":1,"href":"https:\/\/calluna.sk\/index.php?rest_route=\/wp\/v2\/pages\/65\/revisions"}],"predecessor-version":[{"id":836,"href":"https:\/\/calluna.sk\/index.php?rest_route=\/wp\/v2\/pages\/65\/revisions\/836"}],"wp:attachment":[{"href":"https:\/\/calluna.sk\/index.php?rest_route=%2Fwp%2Fv2%2Fmedia&parent=65"}],"curies":[{"name":"wp","href":"https:\/\/api.w.org\/{rel}","templated":true}]}}