{"id":443,"date":"2017-06-22T21:23:08","date_gmt":"2017-06-22T19:23:08","guid":{"rendered":"http:\/\/calluna.sk\/?post_type=product&#038;p=443"},"modified":"2019-09-20T22:55:58","modified_gmt":"2019-09-20T20:55:58","slug":"konope-a-pestrec","status":"publish","type":"product","link":"https:\/\/calluna.sk\/?product=konope-a-pestrec","title":{"rendered":"Konope a pestrec"},"content":{"rendered":"<p>S\u00e9rum je ide\u00e1lne pre mastn\u00fa a akn\u00f3znu ple\u0165 v\u010faka vysok\u00e9mu obsahu kyseliny linolovej ale vhodn\u00e9 je tie\u017e na po\u0161koden\u00fa poko\u017eku, na ekz\u00e9my, poko\u017eku po opa\u013eovan\u00ed, k\u0155\u010dov\u00e9 \u017eily, pop\u00e1leniny a podobne. M\u00e1 siln\u00fd antioxida\u010dn\u00fd \u00fa\u010dinok, chr\u00e1ni poko\u017eku pred vo\u013en\u00fdmi radik\u00e1lmi, podporuje obnovu ko\u017en\u00fdch buniek a m\u00e1 hydrata\u010dn\u00e9, vy\u017eivuj\u00face, protiz\u00e1palov\u00e9, hojiv\u00e9 a upokojuj\u00face \u00fa\u010dinky.<\/p>\n","protected":false},"excerpt":{"rendered":"<p>Pr\u00edrodn\u00e9 ru\u010dne roben\u00e9 dvojf\u00e1zov\u00e9 s\u00e9rum na problematick\u00fa poko\u017eku.<\/p>\n<p><img decoding=\"async\" class=\"alignnone wp-image-818\" src=\"https:\/\/calluna.sk\/wp-content\/uploads\/2018\/01\/100-prirodne.png\" alt=\"\" width=\"45\" height=\"66\" \/>\u00a0<img decoding=\"async\" class=\"alignnone wp-image-822\" src=\"https:\/\/calluna.sk\/wp-content\/uploads\/2018\/01\/vcelie-produkty.png\" alt=\"\" width=\"45\" height=\"66\" \/>\u00a0\u00a0<img decoding=\"async\" class=\"alignnone wp-image-819\" src=\"https:\/\/calluna.sk\/wp-content\/uploads\/2018\/01\/bez-syntetik.png\" alt=\"\" width=\"45\" height=\"65\" \/>\u00a0\u00a0<img loading=\"lazy\" decoding=\"async\" class=\"alignnone wp-image-815\" src=\"https:\/\/calluna.sk\/wp-content\/uploads\/2018\/01\/rucne-robene.png\" alt=\"\" width=\"45\" height=\"66\" \/>\u00a0<img loading=\"lazy\" decoding=\"async\" class=\"alignnone wp-image-821\" src=\"https:\/\/calluna.sk\/wp-content\/uploads\/2018\/01\/slovensko.png\" alt=\"\" width=\"53\" height=\"66\" \/><a class=\"button\" href=\"https:\/\/calluna.sk\/?product=konope-a-pestrec\" title=\"Viac\">\u010c\u00edtaj \u010falej<\/a><\/p>\n","protected":false},"featured_media":863,"comment_status":"open","ping_status":"closed","template":"","meta":[],"product_brand":[],"product_cat":[165],"product_tag":[],"class_list":{"0":"post-443","1":"product","2":"type-product","3":"status-publish","4":"has-post-thumbnail","6":"product_cat-sera","7":"post-container masonry-element col-md-4","9":"first","10":"instock","11":"shipping-taxable","12":"purchasable","13":"product-type-simple"},"_links":{"self":[{"href":"https:\/\/calluna.sk\/index.php?rest_route=\/wp\/v2\/product\/443","targetHints":{"allow":["GET"]}}],"collection":[{"href":"https:\/\/calluna.sk\/index.php?rest_route=\/wp\/v2\/product"}],"about":[{"href":"https:\/\/calluna.sk\/index.php?rest_route=\/wp\/v2\/types\/product"}],"replies":[{"embeddable":true,"href":"https:\/\/calluna.sk\/index.php?rest_route=%2Fwp%2Fv2%2Fcomments&post=443"}],"wp:featuredmedia":[{"embeddable":true,"href":"https:\/\/calluna.sk\/index.php?rest_route=\/wp\/v2\/media\/863"}],"wp:attachment":[{"href":"https:\/\/calluna.sk\/index.php?rest_route=%2Fwp%2Fv2%2Fmedia&parent=443"}],"wp:term":[{"taxonomy":"product_brand","embeddable":true,"href":"https:\/\/calluna.sk\/index.php?rest_route=%2Fwp%2Fv2%2Fproduct_brand&post=443"},{"taxonomy":"product_cat","embeddable":true,"href":"https:\/\/calluna.sk\/index.php?rest_route=%2Fwp%2Fv2%2Fproduct_cat&post=443"},{"taxonomy":"product_tag","embeddable":true,"href":"https:\/\/calluna.sk\/index.php?rest_route=%2Fwp%2Fv2%2Fproduct_tag&post=443"}],"curies":[{"name":"wp","href":"https:\/\/api.w.org\/{rel}","templated":true}]}}